{"id":797,"date":"2014-03-05T22:29:00","date_gmt":"2014-03-06T01:29:00","guid":{"rendered":"http:\/\/adfformosa.com.ar\/?page_id=797"},"modified":"2014-05-09T18:51:29","modified_gmt":"2014-05-09T21:51:29","slug":"797-2","status":"publish","type":"page","link":"https:\/\/adfformosa.com.ar\/?page_id=797","title":{"rendered":"Secretar\u00edas"},"content":{"rendered":"<div id=\"s-share-buttons\" class=\"horizontal-w-c-r-border s-share-w-c\"><a href=\"http:\/\/www.facebook.com\/sharer.php?u=https:\/\/adfformosa.com.ar\/?page_id=797\" target=\"_blank\" title=\"Share to Facebook\" class=\"s3-facebook hint--top\"><\/a><a href=\"http:\/\/twitter.com\/intent\/tweet?text=Secretar\u00edas&url=https:\/\/adfformosa.com.ar\/?page_id=797\" target=\"_blank\"  title=\"Share to Twitter\" class=\"s3-twitter hint--top\"><\/a><a href=\"https:\/\/plus.google.com\/share?url=https:\/\/adfformosa.com.ar\/?page_id=797\" target=\"_blank\"  title=\"Share to Google Plus\" class=\"s3-google-plus hint--top\"><\/a><a href=\"http:\/\/www.digg.com\/submit?url=https:\/\/adfformosa.com.ar\/?page_id=797\" target=\"_blank\"  title=\"Share to Digg\" class=\"s3-digg hint--top\"><\/a><a href=\"http:\/\/www.tumblr.com\/share\/link?url=https%3A%2F%2Fadfformosa.com.ar%2F%3Fpage_id%3D797&name=Secretar%C3%ADas\" target=\"_blank\" title=\"Share to Tumblr\" class=\"s3-tumblr hint--top\"><\/a><a href=\"mailto:?Subject=Secretar\u00edas&Body=Here%20is%20the%20link%20to%20the%20article:%20https:\/\/adfformosa.com.ar\/?page_id=797\" title=\"Email this article\" class=\"s3-email hint--top\"><\/a><\/div><p>&#8211; Secretar\u00edas General y Adjunta<\/p>\n<p>&#8211; Secretar\u00edas de Finanzas y Revisi\u00f3n de Cuentas<\/p>\n<p>&#8211; Secretar\u00eda Administrativa<\/p>\n<p>&#8211; Secretar\u00eda de Acci\u00f3n Social<\/p>\n<p>&#8211; Secretar\u00eda de Cultura y Promoci\u00f3n<\/p>\n<p>&#8211; Secretar\u00eda del Interior<\/p>\n<p>&#8211; Secretar\u00eda Gremial<\/p>\n<p>&#8211; Secretar\u00eda de Jubilaciones y Asuntos Previsionales<\/p>\n<p>&#8211; Secretar\u00eda de Educaci\u00f3n y Estad\u00edsticas<\/p>\n<p>&#8211; Secretar\u00eda de Rama preprimaria<\/p>\n<p>&#8211; Secretar\u00eda de Rama primaria<\/p>\n<p>&#8211; Secretar\u00edas de Rama Secundaria y T\u00e9cnica<\/p>\n<p>&#8211; Secretar\u00eda de Rama Superior, Art\u00edstica y Especial<\/p>\n","protected":false},"excerpt":{"rendered":"<p>&#8211; Secretar\u00edas General y Adjunta &#8211; Secretar\u00edas de Finanzas y Revisi\u00f3n de Cuentas &#8211; Secretar\u00eda Administrativa &#8211; Secretar\u00eda de Acci\u00f3n Social &#8211; Secretar\u00eda de Cultura y Promoci\u00f3n &#8211; Secretar\u00eda del&#8230; <span class=\"meta-more\"><a href=\"https:\/\/adfformosa.com.ar\/?page_id=797\">Leer mas &raquo;<\/a><\/span><\/p>\n","protected":false},"author":1,"featured_media":0,"parent":0,"menu_order":0,"comment_status":"open","ping_status":"closed","template":"","meta":{"footnotes":""},"class_list":["post-797","page","type-page","status-publish","hentry","even alt"],"_links":{"self":[{"href":"https:\/\/adfformosa.com.ar\/index.php?rest_route=\/wp\/v2\/pages\/797","targetHints":{"allow":["GET"]}}],"collection":[{"href":"https:\/\/adfformosa.com.ar\/index.php?rest_route=\/wp\/v2\/pages"}],"about":[{"href":"https:\/\/adfformosa.com.ar\/index.php?rest_route=\/wp\/v2\/types\/page"}],"author":[{"embeddable":true,"href":"https:\/\/adfformosa.com.ar\/index.php?rest_route=\/wp\/v2\/users\/1"}],"replies":[{"embeddable":true,"href":"https:\/\/adfformosa.com.ar\/index.php?rest_route=%2Fwp%2Fv2%2Fcomments&post=797"}],"version-history":[{"count":9,"href":"https:\/\/adfformosa.com.ar\/index.php?rest_route=\/wp\/v2\/pages\/797\/revisions"}],"predecessor-version":[{"id":1233,"href":"https:\/\/adfformosa.com.ar\/index.php?rest_route=\/wp\/v2\/pages\/797\/revisions\/1233"}],"wp:attachment":[{"href":"https:\/\/adfformosa.com.ar\/index.php?rest_route=%2Fwp%2Fv2%2Fmedia&parent=797"}],"curies":[{"name":"wp","href":"https:\/\/api.w.org\/{rel}","templated":true}]}}