{"id":298,"date":"2013-10-30T20:10:18","date_gmt":"2013-10-30T23:10:18","guid":{"rendered":"http:\/\/adfformosa.com.ar\/?page_id=298"},"modified":"2014-05-12T09:03:42","modified_gmt":"2014-05-12T12:03:42","slug":"convenio-con-hoteles","status":"publish","type":"page","link":"https:\/\/adfformosa.com.ar\/?page_id=298","title":{"rendered":"Convenio con Hoteles"},"content":{"rendered":"<div id=\"s-share-buttons\" class=\"horizontal-w-c-r-border s-share-w-c\"><a href=\"http:\/\/www.facebook.com\/sharer.php?u=https:\/\/adfformosa.com.ar\/?page_id=298\" target=\"_blank\" title=\"Share to Facebook\" class=\"s3-facebook hint--top\"><\/a><a href=\"http:\/\/twitter.com\/intent\/tweet?text=Convenio con Hoteles&url=https:\/\/adfformosa.com.ar\/?page_id=298\" target=\"_blank\"  title=\"Share to Twitter\" class=\"s3-twitter hint--top\"><\/a><a href=\"https:\/\/plus.google.com\/share?url=https:\/\/adfformosa.com.ar\/?page_id=298\" target=\"_blank\"  title=\"Share to Google Plus\" class=\"s3-google-plus hint--top\"><\/a><a href=\"http:\/\/www.digg.com\/submit?url=https:\/\/adfformosa.com.ar\/?page_id=298\" target=\"_blank\"  title=\"Share to Digg\" class=\"s3-digg hint--top\"><\/a><a href=\"http:\/\/www.tumblr.com\/share\/link?url=https%3A%2F%2Fadfformosa.com.ar%2F%3Fpage_id%3D298&name=Convenio+con+Hoteles\" target=\"_blank\" title=\"Share to Tumblr\" class=\"s3-tumblr hint--top\"><\/a><a href=\"mailto:?Subject=Convenio%20con%20Hoteles&Body=Here%20is%20the%20link%20to%20the%20article:%20https:\/\/adfformosa.com.ar\/?page_id=298\" title=\"Email this article\" class=\"s3-email hint--top\"><\/a><\/div><h2>Alojamientos para afiliados<\/h2>\n<p><strong>En Capital Federal<\/strong><\/p>\n<h2><img loading=\"lazy\" decoding=\"async\" class=\"size-full wp-image-1240 aligncenter\" src=\"https:\/\/adfformosa.com.ar\/wp-content\/uploads\/2013\/10\/hoteles-capitalfederal.jpg\" alt=\"hoteles-capitalfederal\" width=\"586\" height=\"462\" srcset=\"https:\/\/adfformosa.com.ar\/wp-content\/uploads\/2013\/10\/hoteles-capitalfederal.jpg 586w, https:\/\/adfformosa.com.ar\/wp-content\/uploads\/2013\/10\/hoteles-capitalfederal-300x236.jpg 300w\" sizes=\"auto, (max-width: 586px) 100vw, 586px\" \/><\/h2>\n<p><strong>En Formosa Capital<\/strong><\/p>\n<p><img loading=\"lazy\" decoding=\"async\" class=\"size-full wp-image-1241 aligncenter\" src=\"https:\/\/adfformosa.com.ar\/wp-content\/uploads\/2013\/10\/hoteles-formosa.jpg\" alt=\"hoteles-formosa\" width=\"586\" height=\"197\" srcset=\"https:\/\/adfformosa.com.ar\/wp-content\/uploads\/2013\/10\/hoteles-formosa.jpg 586w, https:\/\/adfformosa.com.ar\/wp-content\/uploads\/2013\/10\/hoteles-formosa-300x100.jpg 300w\" sizes=\"auto, (max-width: 586px) 100vw, 586px\" \/><\/p>\n<p><strong>En el interior del Territorio Formose\u00f1o<\/strong><\/p>\n<p><img loading=\"lazy\" decoding=\"async\" class=\"size-full wp-image-1242 aligncenter\" src=\"https:\/\/adfformosa.com.ar\/wp-content\/uploads\/2013\/10\/hoteles-interior.jpg\" alt=\"hoteles-interior\" width=\"586\" height=\"164\" srcset=\"https:\/\/adfformosa.com.ar\/wp-content\/uploads\/2013\/10\/hoteles-interior.jpg 586w, https:\/\/adfformosa.com.ar\/wp-content\/uploads\/2013\/10\/hoteles-interior-300x83.jpg 300w\" sizes=\"auto, (max-width: 586px) 100vw, 586px\" \/><\/p>\n<p style=\"text-align: justify;\"><strong>Observaciones:<br \/>\n<\/strong><br \/>\n<strong>Acreditaci\u00f3n para la Tarifa Sindical<\/strong><\/p>\n<p>El pasajero deber\u00e1 presentar recibo de sueldo o carnet de afiliado o certificaci\u00f3n que acredite la pertenencia al sindicato, Agremiaci\u00f3n y o filial por la que ha recibido la tarifa preferencial con descuento.<\/p>\n<p style=\"text-align: justify;\"><strong>Pol\u00edtica de Cancelaci\u00f3n de Reservas:<br \/>\n<\/strong><br \/>\nLas reservas deber\u00e1n ser realizadas v\u00eda telef\u00f3nicamente o por email personalmente por los afiliados con los Hoteles.<\/p>\n<p>Para la cancelaci\u00f3n de una reserva deber\u00e1n contactarse con el Hotel , la reserva ser\u00e1 cancelada cuando su baja sea solicitada por escrito y confirmada su recepci\u00f3n y cancelaci\u00f3n por el hotel.<\/p>\n<p><strong><em>La reserva de este servicio es un tr\u00e1mite que deber\u00e1 realizar directamente el afiliado con el HOTEL.<\/em><\/strong><\/p>\n","protected":false},"excerpt":{"rendered":"<p>Alojamientos para afiliados En Capital Federal En Formosa Capital En el interior del Territorio Formose\u00f1o Observaciones: Acreditaci\u00f3n para la Tarifa Sindical El pasajero deber\u00e1 presentar recibo de sueldo o carnet&#8230; <span class=\"meta-more\"><a href=\"https:\/\/adfformosa.com.ar\/?page_id=298\">Leer mas &raquo;<\/a><\/span><\/p>\n","protected":false},"author":1,"featured_media":0,"parent":0,"menu_order":0,"comment_status":"open","ping_status":"closed","template":"","meta":{"footnotes":""},"class_list":["post-298","page","type-page","status-publish","hentry","even alt"],"_links":{"self":[{"href":"https:\/\/adfformosa.com.ar\/index.php?rest_route=\/wp\/v2\/pages\/298","targetHints":{"allow":["GET"]}}],"collection":[{"href":"https:\/\/adfformosa.com.ar\/index.php?rest_route=\/wp\/v2\/pages"}],"about":[{"href":"https:\/\/adfformosa.com.ar\/index.php?rest_route=\/wp\/v2\/types\/page"}],"author":[{"embeddable":true,"href":"https:\/\/adfformosa.com.ar\/index.php?rest_route=\/wp\/v2\/users\/1"}],"replies":[{"embeddable":true,"href":"https:\/\/adfformosa.com.ar\/index.php?rest_route=%2Fwp%2Fv2%2Fcomments&post=298"}],"version-history":[{"count":8,"href":"https:\/\/adfformosa.com.ar\/index.php?rest_route=\/wp\/v2\/pages\/298\/revisions"}],"predecessor-version":[{"id":1244,"href":"https:\/\/adfformosa.com.ar\/index.php?rest_route=\/wp\/v2\/pages\/298\/revisions\/1244"}],"wp:attachment":[{"href":"https:\/\/adfformosa.com.ar\/index.php?rest_route=%2Fwp%2Fv2%2Fmedia&parent=298"}],"curies":[{"name":"wp","href":"https:\/\/api.w.org\/{rel}","templated":true}]}}