{"id":255,"date":"2013-10-14T11:03:51","date_gmt":"2013-10-14T14:03:51","guid":{"rendered":"http:\/\/adfformosa.com.ar\/?page_id=255"},"modified":"2013-10-14T11:03:51","modified_gmt":"2013-10-14T14:03:51","slug":"himno-de-la-a-d-f","status":"publish","type":"page","link":"https:\/\/adfformosa.com.ar\/?page_id=255","title":{"rendered":"Himno de la A.D.F."},"content":{"rendered":"<div id=\"s-share-buttons\" class=\"horizontal-w-c-r-border s-share-w-c\"><a href=\"http:\/\/www.facebook.com\/sharer.php?u=https:\/\/adfformosa.com.ar\/?page_id=255\" target=\"_blank\" title=\"Share to Facebook\" class=\"s3-facebook hint--top\"><\/a><a href=\"http:\/\/twitter.com\/intent\/tweet?text=Himno de la A.D.F.&url=https:\/\/adfformosa.com.ar\/?page_id=255\" target=\"_blank\"  title=\"Share to Twitter\" class=\"s3-twitter hint--top\"><\/a><a href=\"https:\/\/plus.google.com\/share?url=https:\/\/adfformosa.com.ar\/?page_id=255\" target=\"_blank\"  title=\"Share to Google Plus\" class=\"s3-google-plus hint--top\"><\/a><a href=\"http:\/\/www.digg.com\/submit?url=https:\/\/adfformosa.com.ar\/?page_id=255\" target=\"_blank\"  title=\"Share to Digg\" class=\"s3-digg hint--top\"><\/a><a href=\"http:\/\/www.tumblr.com\/share\/link?url=https%3A%2F%2Fadfformosa.com.ar%2F%3Fpage_id%3D255&name=Himno+de+la+A.D.F.\" target=\"_blank\" title=\"Share to Tumblr\" class=\"s3-tumblr hint--top\"><\/a><a href=\"mailto:?Subject=Himno%20de%20la%20A.D.F.&Body=Here%20is%20the%20link%20to%20the%20article:%20https:\/\/adfformosa.com.ar\/?page_id=255\" title=\"Email this article\" class=\"s3-email hint--top\"><\/a><\/div><p style=\"text-align: center;\"><img loading=\"lazy\" decoding=\"async\" class=\"alignnone size-medium wp-image-249\" alt=\"P1050457\" src=\"https:\/\/adfformosa.com.ar\/wp-content\/uploads\/2013\/10\/P1050457-300x225.jpg\" width=\"300\" height=\"225\" srcset=\"https:\/\/adfformosa.com.ar\/wp-content\/uploads\/2013\/10\/P1050457-300x225.jpg 300w, https:\/\/adfformosa.com.ar\/wp-content\/uploads\/2013\/10\/P1050457-1024x768.jpg 1024w\" sizes=\"auto, (max-width: 300px) 100vw, 300px\" \/><\/p>\n<p style=\"text-align: center;\">LA\u00a0AGREMIACI\u00d3N DEL DOCENTE FORMOSE\u00d1O<\/p>\n<p style=\"text-align: center;\">CONSTANTEMENTE EST\u00c1 CONTIGO, YA VER\u00c1S,<\/p>\n<p style=\"text-align: center;\">PARA BUSCARLE SOLUCI\u00d3N A TUS PROBLEMAS<\/p>\n<p style=\"text-align: center;\">Y EN TU TRABAJO TENGAS ESTABILIDAD.<\/p>\n<p style=\"text-align: center;\">VEN\u00cd CONMIGO, ACERCATE A NUESTRO GREMIO,<\/p>\n<p style=\"text-align: center;\">COMPARTIREMOS UNA SINCERA AMISTAD<\/p>\n<p style=\"text-align: center;\">Y LUCHAREMOS POR EL BIEN DEL FORMOSE\u00d1O<\/p>\n<p style=\"text-align: center;\">QUE SE DEDICA A LA TAREA DE ENSE\u00d1AR<\/p>\n<p style=\"text-align: center;\">PARA CRECER, PARA TRIUNFAR<\/p>\n<p style=\"text-align: center;\">EN ADF ENCONTRAR\u00c1S<\/p>\n<p style=\"text-align: center;\">LO QUE BUSC\u00c1S EN LA DOCENCIA PROVINCIAL.<\/p>\n<p style=\"text-align: center;\">ES MOVIMIENTO SINDICAL, TRABAJO Y SOLIDARIDAD;<\/p>\n<p style=\"text-align: center;\">CONFI\u00c1 EN TU GREMIO, SIEMPRE TE RESPONDER\u00c1.<\/p>\n<p style=\"text-align: center;\">LA AGREMIACI\u00d3N DEL DOCENTE FORMOSE\u00d1O<\/p>\n<p style=\"text-align: center;\">ABRE SUS PUERTAS Y TE INVITA A ACOMPA\u00d1AR,<\/p>\n<p style=\"text-align: center;\">ESTE IDEAL QUE NOS HERMANA A LOS DOCENTES:<\/p>\n<p style=\"text-align: center;\">UNA ENSE\u00d1ANZA NACIONAL Y POPULAR.<\/p>\n<p style=\"text-align: center;\">VEN\u00cd CONMIGO, QUE LA LUCHA NOS ESPERA<\/p>\n<p style=\"text-align: center;\">POR DOS MOTIVOS, LABORAL Y SALARIAL,<\/p>\n<p style=\"text-align: center;\">QUE NOS OCUPA EN ESTA HORA QUE VIVIMOS<\/p>\n<p style=\"text-align: center;\">Y EN LA CTERA NUESTRA LUCHA ES NACIONAL.<\/p>\n<p style=\"text-align: center;\">PARA CRECER, PARA TRIUNFAR &#8230;<\/p>\n<p style=\"text-align: center;\">\n<p style=\"text-align: center;\">Letra:\u00a0Horacia Echeverr\u00eda \u00a0 \u00a0M\u00fasica:\u00a0Diego Araya<\/p>\n","protected":false},"excerpt":{"rendered":"<p>LA\u00a0AGREMIACI\u00d3N DEL DOCENTE FORMOSE\u00d1O CONSTANTEMENTE EST\u00c1 CONTIGO, YA VER\u00c1S, PARA BUSCARLE SOLUCI\u00d3N A TUS PROBLEMAS Y EN TU TRABAJO TENGAS ESTABILIDAD. VEN\u00cd CONMIGO, ACERCATE A NUESTRO GREMIO, COMPARTIREMOS UNA SINCERA&#8230; <span class=\"meta-more\"><a href=\"https:\/\/adfformosa.com.ar\/?page_id=255\">Leer mas &raquo;<\/a><\/span><\/p>\n","protected":false},"author":1,"featured_media":0,"parent":0,"menu_order":0,"comment_status":"open","ping_status":"closed","template":"","meta":{"footnotes":""},"class_list":["post-255","page","type-page","status-publish","hentry","even alt"],"_links":{"self":[{"href":"https:\/\/adfformosa.com.ar\/index.php?rest_route=\/wp\/v2\/pages\/255","targetHints":{"allow":["GET"]}}],"collection":[{"href":"https:\/\/adfformosa.com.ar\/index.php?rest_route=\/wp\/v2\/pages"}],"about":[{"href":"https:\/\/adfformosa.com.ar\/index.php?rest_route=\/wp\/v2\/types\/page"}],"author":[{"embeddable":true,"href":"https:\/\/adfformosa.com.ar\/index.php?rest_route=\/wp\/v2\/users\/1"}],"replies":[{"embeddable":true,"href":"https:\/\/adfformosa.com.ar\/index.php?rest_route=%2Fwp%2Fv2%2Fcomments&post=255"}],"version-history":[{"count":1,"href":"https:\/\/adfformosa.com.ar\/index.php?rest_route=\/wp\/v2\/pages\/255\/revisions"}],"predecessor-version":[{"id":256,"href":"https:\/\/adfformosa.com.ar\/index.php?rest_route=\/wp\/v2\/pages\/255\/revisions\/256"}],"wp:attachment":[{"href":"https:\/\/adfformosa.com.ar\/index.php?rest_route=%2Fwp%2Fv2%2Fmedia&parent=255"}],"curies":[{"name":"wp","href":"https:\/\/api.w.org\/{rel}","templated":true}]}}