{"id":175,"date":"2013-09-30T16:11:59","date_gmt":"2013-09-30T19:11:59","guid":{"rendered":"http:\/\/adfformosa.com.ar\/?page_id=175"},"modified":"2014-03-05T21:38:54","modified_gmt":"2014-03-06T00:38:54","slug":"a-d-f-nuestra-identidad","status":"publish","type":"page","link":"https:\/\/adfformosa.com.ar\/?page_id=175","title":{"rendered":"Rese\u00f1a Hist\u00f3rica"},"content":{"rendered":"<div id=\"s-share-buttons\" class=\"horizontal-w-c-r-border s-share-w-c\"><a href=\"http:\/\/www.facebook.com\/sharer.php?u=https:\/\/adfformosa.com.ar\/?page_id=175\" target=\"_blank\" title=\"Share to Facebook\" class=\"s3-facebook hint--top\"><\/a><a href=\"http:\/\/twitter.com\/intent\/tweet?text=Rese\u00f1a Hist\u00f3rica&url=https:\/\/adfformosa.com.ar\/?page_id=175\" target=\"_blank\"  title=\"Share to Twitter\" class=\"s3-twitter hint--top\"><\/a><a href=\"https:\/\/plus.google.com\/share?url=https:\/\/adfformosa.com.ar\/?page_id=175\" target=\"_blank\"  title=\"Share to Google Plus\" class=\"s3-google-plus hint--top\"><\/a><a href=\"http:\/\/www.digg.com\/submit?url=https:\/\/adfformosa.com.ar\/?page_id=175\" target=\"_blank\"  title=\"Share to Digg\" class=\"s3-digg hint--top\"><\/a><a href=\"http:\/\/www.tumblr.com\/share\/link?url=https%3A%2F%2Fadfformosa.com.ar%2F%3Fpage_id%3D175&name=Rese%C3%B1a+Hist%C3%B3rica\" target=\"_blank\" title=\"Share to Tumblr\" class=\"s3-tumblr hint--top\"><\/a><a href=\"mailto:?Subject=Rese\u00f1a%20Hist\u00f3rica&Body=Here%20is%20the%20link%20to%20the%20article:%20https:\/\/adfformosa.com.ar\/?page_id=175\" title=\"Email this article\" class=\"s3-email hint--top\"><\/a><\/div><p><img loading=\"lazy\" decoding=\"async\" class=\"size-full wp-image-716 aligncenter\" alt=\"fachada\" src=\"https:\/\/adfformosa.com.ar\/wp-content\/uploads\/2013\/09\/fachada.jpg\" width=\"600\" height=\"400\" srcset=\"https:\/\/adfformosa.com.ar\/wp-content\/uploads\/2013\/09\/fachada.jpg 600w, https:\/\/adfformosa.com.ar\/wp-content\/uploads\/2013\/09\/fachada-300x200.jpg 300w\" sizes=\"auto, (max-width: 600px) 100vw, 600px\" \/><\/p>\n<p style=\"text-align: justify;\">La Agremiaci\u00f3n del Docente Formose\u00f1o (A.D.F.), es entidad de Base de la C.T.E.R.A, Confederaci\u00f3n de Trabajadores de la Educaci\u00f3n de la Rep\u00fablica Argentina, que nuclea a un sindicato docente por provincia, m\u00e1s uno de la Capital Federal.<\/p>\n<blockquote>\n<p style=\"text-align: justify;\">Esta agremiaci\u00f3n surge como necesidad de ejercer institucional y org\u00e1nicamente la defensa de los derechos de los docentes nacionales que ejerc\u00edan en la Provincia de Formosa para promover mayor participaci\u00f3n en reuniones realizadas en la Capital Federal para los reclamos de nuestro sector, nucleamiento que se ha visto muy fortalecido al ir cre\u00e1ndose las escuelas dependientes del Estado Provincial a partir del retorno a la democracia en 1.973.<\/p>\n<\/blockquote>\n<p style=\"text-align: justify;\">Esta iniciativa tuvo amplia repercusi\u00f3n en la docencia, logr\u00e1ndose una masiva adhesi\u00f3n, principalmente en las ciudades de Formosa y Clorinda.<\/p>\n<p style=\"text-align: justify;\">El nuevo golpe militar de 1.976 oblig\u00f3 a la interrupci\u00f3n de la gesti\u00f3n gremial durante un largo per\u00edodo, hasta que en 1.981 resurge con gran \u00edmpetu, favorecido por la transferencia de todas las unidades del nivel primario dependientes de la naci\u00f3n a la provincia, transferencia iniciadas en 1.978, y posteriormente las escuelas del nivel medio o secundario concretadas en la d\u00e9cada del 90.<\/p>\n<p style=\"text-align: justify;\">El acta fundacional de nuestro sindicato tiene fecha 21 de mayo de 1.960, labrada en el local del Nuevo Cine Espa\u00f1ol que se hallaba en Moreno y Espa\u00f1a de la ciudad de Formosa.<\/p>\n<p style=\"text-align: justify;\">Las actividades que se realizan en este sindicato, conforme sus principios y objetivos, pueden resumirse en las siguientes:<\/p>\n<ul style=\"text-align: justify;\">\n<li>Vigilancia del respeto irrestricto de los derechos de los Trabajadores de la Educaci\u00f3n de la Provincia de Formosa.<\/li>\n<li>Lucha por salarios dignos y mejores condiciones laborales para todos los educadores.<\/li>\n<li>Asesoramiento para el conocimiento y ejercicio de acuerdo con normativas vigentes.<\/li>\n<li>Reclamos de haberes mal liquidados.<\/li>\n<li>Asesoramiento para presentaci\u00f3n de recursos.<\/li>\n<li>Participaci\u00f3n en Paritarias Nacional y Provincial.<\/li>\n<li>Gesti\u00f3n y tr\u00e1mites ante:<\/li>\n<\/ul>\n<p style=\"text-align: justify;\">&#8211;\u00a0\u00a0\u00a0\u00a0\u00a0\u00a0 Direcci\u00f3n de Administraci\u00f3n del Ministerio de Educaci\u00f3n, Direcci\u00f3n de Personal del M.C.y E.<\/p>\n<p style=\"text-align: justify;\">&#8211;\u00a0\u00a0\u00a0\u00a0\u00a0\u00a0 Junta de Clasificaci\u00f3n del Nivel Inicial, Primario y Secundario.<\/p>\n<p style=\"text-align: justify;\">&#8211;\u00a0\u00a0\u00a0\u00a0\u00a0\u00a0 I.A.S.E.P. (Reconocimiento m\u00e9dicos de la Provincia).<\/p>\n<ul>\n<li style=\"text-align: justify;\">Ayudas econ\u00f3micas de emergencia.<\/li>\n<li style=\"text-align: justify;\">Convenios comerciales.<\/li>\n<\/ul>\n","protected":false},"excerpt":{"rendered":"<p>La Agremiaci\u00f3n del Docente Formose\u00f1o (A.D.F.), es entidad de Base de la C.T.E.R.A, Confederaci\u00f3n de Trabajadores de la Educaci\u00f3n de la Rep\u00fablica Argentina, que nuclea a un sindicato docente por&#8230; <span class=\"meta-more\"><a href=\"https:\/\/adfformosa.com.ar\/?page_id=175\">Leer mas &raquo;<\/a><\/span><\/p>\n","protected":false},"author":1,"featured_media":141,"parent":0,"menu_order":0,"comment_status":"closed","ping_status":"closed","template":"","meta":{"footnotes":""},"class_list":["post-175","page","type-page","status-publish","has-post-thumbnail","hentry","even alt"],"_links":{"self":[{"href":"https:\/\/adfformosa.com.ar\/index.php?rest_route=\/wp\/v2\/pages\/175","targetHints":{"allow":["GET"]}}],"collection":[{"href":"https:\/\/adfformosa.com.ar\/index.php?rest_route=\/wp\/v2\/pages"}],"about":[{"href":"https:\/\/adfformosa.com.ar\/index.php?rest_route=\/wp\/v2\/types\/page"}],"author":[{"embeddable":true,"href":"https:\/\/adfformosa.com.ar\/index.php?rest_route=\/wp\/v2\/users\/1"}],"replies":[{"embeddable":true,"href":"https:\/\/adfformosa.com.ar\/index.php?rest_route=%2Fwp%2Fv2%2Fcomments&post=175"}],"version-history":[{"count":3,"href":"https:\/\/adfformosa.com.ar\/index.php?rest_route=\/wp\/v2\/pages\/175\/revisions"}],"predecessor-version":[{"id":717,"href":"https:\/\/adfformosa.com.ar\/index.php?rest_route=\/wp\/v2\/pages\/175\/revisions\/717"}],"wp:featuredmedia":[{"embeddable":true,"href":"https:\/\/adfformosa.com.ar\/index.php?rest_route=\/wp\/v2\/media\/141"}],"wp:attachment":[{"href":"https:\/\/adfformosa.com.ar\/index.php?rest_route=%2Fwp%2Fv2%2Fmedia&parent=175"}],"curies":[{"name":"wp","href":"https:\/\/api.w.org\/{rel}","templated":true}]}}