{"id":166,"date":"2013-09-30T10:43:27","date_gmt":"2013-09-30T13:43:27","guid":{"rendered":"http:\/\/adfformosa.com.ar\/?page_id=166"},"modified":"2014-06-14T12:52:32","modified_gmt":"2014-06-14T15:52:32","slug":"contactos-3","status":"publish","type":"page","link":"https:\/\/adfformosa.com.ar\/?page_id=166","title":{"rendered":"Contactos"},"content":{"rendered":"<div id=\"s-share-buttons\" class=\"horizontal-w-c-r-border s-share-w-c\"><a href=\"http:\/\/www.facebook.com\/sharer.php?u=https:\/\/adfformosa.com.ar\/?page_id=166\" target=\"_blank\" title=\"Share to Facebook\" class=\"s3-facebook hint--top\"><\/a><a href=\"http:\/\/twitter.com\/intent\/tweet?text=Contactos&url=https:\/\/adfformosa.com.ar\/?page_id=166\" target=\"_blank\"  title=\"Share to Twitter\" class=\"s3-twitter hint--top\"><\/a><a href=\"https:\/\/plus.google.com\/share?url=https:\/\/adfformosa.com.ar\/?page_id=166\" target=\"_blank\"  title=\"Share to Google Plus\" class=\"s3-google-plus hint--top\"><\/a><a href=\"http:\/\/www.digg.com\/submit?url=https:\/\/adfformosa.com.ar\/?page_id=166\" target=\"_blank\"  title=\"Share to Digg\" class=\"s3-digg hint--top\"><\/a><a href=\"http:\/\/www.tumblr.com\/share\/link?url=https%3A%2F%2Fadfformosa.com.ar%2F%3Fpage_id%3D166&name=Contactos\" target=\"_blank\" title=\"Share to Tumblr\" class=\"s3-tumblr hint--top\"><\/a><a href=\"mailto:?Subject=Contactos&Body=Here%20is%20the%20link%20to%20the%20article:%20https:\/\/adfformosa.com.ar\/?page_id=166\" title=\"Email this article\" class=\"s3-email hint--top\"><\/a><\/div><h2>Tel\u00e9fono:<\/h2>\n<p>+54 (3704) 437015<\/p>\n<h2>E-mail:<\/h2>\n<p>secgral_adf@hotmail.com<br \/>\nsecadm_adf@hotmail.com<br \/>\nbolet\u00edn_adf@hotmail.com<\/p>\n<h2>Direcci\u00f3n:<\/h2>\n<p>Eva Per\u00f3n 129 \/ C.P. (3600)<\/p>\n<h2>Prensa:<\/h2>\n<p>prensa@adfformosa.com.ar<\/p>\n<h2>Formulario<\/h2>\n<form method=\"post\" id=\"cntctfrm_contact_form\" class=\"cntctfrm_contact_form cntctfrm_one_column cntctfrm_ltr cntctfrm_width_default\" action=\"\/index.php?rest_route=%2Fwp%2Fv2%2Fpages%2F166#cntctfrm_contact_form\" enctype=\"multipart\/form-data\"><div id=\"cntctfrm_first_column\" class=\"cntctfrm_column\"><div class=\"cntctfrm_field_wrap cntctfrm_field_name_wrap\"namecontact><div class=\"cntctfrm_label cntctfrm_label_name\">\n\t\t\t\t\t\t\t\t\t<label for=\"cntctfrm_contact_name\">Nombre <span class=\"required\">*<\/span><\/label><\/div><div class=\"cntctfrm_input cntctfrm_input_name\">\n\t\t\t\t\t\t\t\t\t<input namecontact class=\"text\" type=\"text\" size=\"40\" pattern=\"^([\\p{L}\\p{M}]{2,}(\\s)*(\\p{L}+\\p{M}*-*){1,})|([\\p{L}\\p{M}]{3,})\" title=\"Please enter only letters at least 3 characters, words seperated by spaces\" value=\"\" name=\"cntctfrm_contact_name\" id=\"cntctfrm_contact_name\" \/><\/div><\/div><div class=\"cntctfrm_field_wrap cntctfrm_field_address_wrap\"><div class=\"cntctfrm_label cntctfrm_label_address\">\n\t\t\t\t\t\t\t\t\t\t<label for=\"cntctfrm_contact_address\">Direccion<\/label><\/div><div class=\"cntctfrm_input cntctfrm_input_address\">\n\t\t\t\t\t\t\t\t\t<input class=\"text\" type=\"text\" size=\"40\" pattern=\"([\\p{L}\\p{M}\\s0-9]){3,120}\" title=\"Please enter only letters and numbers at least 3 characters, words seperated by spaces\" value=\"\" name=\"cntctfrm_contact_address\" id=\"cntctfrm_contact_address\" \/><\/div><\/div><div class=\"cntctfrm_field_wrap cntctfrm_field_email_wrap\"email><div class=\"cntctfrm_label cntctfrm_label_email\">\n\t\t\t\t\t\t\t\t\t<label for=\"cntctfrm_contact_email\">E-mail <span class=\"required\">*<\/span><\/label>\n\t\t\t\t\t\t\t\t<\/div><div class=\"cntctfrm_input cntctfrm_input_email\">\n\t\t\t\t\t\t\t\t\t<input email class=\"text\" type=\"email\" size=\"40\" value=\"\" name=\"cntctfrm_contact_email\" id=\"cntctfrm_contact_email\" \/><\/div><\/div><div class=\"cntctfrm_field_wrap cntctfrm_field_phone_wrap\"><div class=\"cntctfrm_label cntctfrm_label_phone\">\n\t\t\t\t\t\t\t\t\t\t<label for=\"cntctfrm_contact_phone\">Telefono <span class=\"required\">*<\/span><\/label>\n\t\t\t\t\t\t\t\t\t<\/div><div class=\"cntctfrm_input cntctfrm_input_phone\">\n\t\t\t\t\t\t\t\t\t<input class=\"text\" type=\"text\" size=\"40\" value=\"\" pattern=\"[0-9]{6,}\" title=\"Please enter only numbers at least 6 characters\" name=\"cntctfrm_contact_phone\" id=\"cntctfrm_contact_phone\" \/><\/div><\/div><div class=\"cntctfrm_field_wrap cntctfrm_field_subject_wrap\"subject><div class=\"cntctfrm_label cntctfrm_label_subject\">\n\t\t\t\t\t\t\t\t\t<label for=\"cntctfrm_contact_subject\">Asunto<\/label>\n\t\t\t\t\t\t\t\t<\/div><div class=\"cntctfrm_input cntctfrm_input_subject\">\n\t\t\t\t\t\t\t\t<input subject pattern=\"^\\p{L}{1,}([\\p{L}\\s]){2,}\" title=\"Please enter only letters at least 3 characters, words seperated by spaces\" class=\"text\" type=\"text\" size=\"40\" value=\"\" name=\"cntctfrm_contact_subject\" id=\"cntctfrm_contact_subject\" \/><\/div><\/div><div class=\"cntctfrm_field_wrap cntctfrm_field_message_wrap\"message><div class=\"cntctfrm_label cntctfrm_label_message\">\n\t\t\t\t\t\t\t\t<label for=\"cntctfrm_contact_message\">Mensaje <span class=\"required\">*<\/span><\/label>\n\t\t\t\t\t\t\t<\/div><div class=\"cntctfrm_input cntctfrm_input_message\">\n\t\t\t\t\t\t\t\t<textarea message rows=\"5\" cols=\"30\"name=\"cntctfrm_contact_message\" id=\"cntctfrm_contact_message\"><\/textarea><\/div><\/div><\/div><div class=\"clear\"><\/div><div class=\"cntctfrm_submit_wrap\"><div id=\"cntctfrm_submit_first_column\" class=\"cntctfrm_column\"><div class=\"cntctfrm_input cntctfrm_input_submit\"><input type=\"hidden\" value=\"send\" name=\"cntctfrm_contact_action\">\n\t\t\t\t\t\t\t<input type=\"hidden\" value=\"default\" name=\"cntctfrm_language\">\n\t\t\t\t\t\t\t<input type=\"hidden\" value=\"1\" name=\"cntctfrm_form_submited\">\n\t\t\t\t\t\t\t<input type=\"hidden\" value=\"cntctfrm_options\" name=\"cntctfrm_options_name\">\n\t\t\t\t\t\t\t<input type=\"submit\" value=\"Enviar\" class=\"cntctfrm_contact_submit\" id=\"1\" \/>\n\t\t\t\t\t\t<\/div><\/div><div id=\"cntctfrm_submit_second_column\" class=\"cntctfrm_column\"><\/div><div class=\"clear\"><\/div>\n\t\t\t<\/div>\n\t\t\t<\/form>\n","protected":false},"excerpt":{"rendered":"<p>Tel\u00e9fono: +54 (3704) 437015 E-mail: secgral_adf@hotmail.com secadm_adf@hotmail.com bolet\u00edn_adf@hotmail.com Direcci\u00f3n: Eva Per\u00f3n 129 \/ C.P. (3600) Prensa: prensa@adfformosa.com.ar Formulario<\/p>\n","protected":false},"author":1,"featured_media":0,"parent":0,"menu_order":0,"comment_status":"closed","ping_status":"closed","template":"","meta":{"footnotes":""},"class_list":["post-166","page","type-page","status-publish","hentry","even alt"],"_links":{"self":[{"href":"https:\/\/adfformosa.com.ar\/index.php?rest_route=\/wp\/v2\/pages\/166","targetHints":{"allow":["GET"]}}],"collection":[{"href":"https:\/\/adfformosa.com.ar\/index.php?rest_route=\/wp\/v2\/pages"}],"about":[{"href":"https:\/\/adfformosa.com.ar\/index.php?rest_route=\/wp\/v2\/types\/page"}],"author":[{"embeddable":true,"href":"https:\/\/adfformosa.com.ar\/index.php?rest_route=\/wp\/v2\/users\/1"}],"replies":[{"embeddable":true,"href":"https:\/\/adfformosa.com.ar\/index.php?rest_route=%2Fwp%2Fv2%2Fcomments&post=166"}],"version-history":[{"count":14,"href":"https:\/\/adfformosa.com.ar\/index.php?rest_route=\/wp\/v2\/pages\/166\/revisions"}],"predecessor-version":[{"id":1678,"href":"https:\/\/adfformosa.com.ar\/index.php?rest_route=\/wp\/v2\/pages\/166\/revisions\/1678"}],"wp:attachment":[{"href":"https:\/\/adfformosa.com.ar\/index.php?rest_route=%2Fwp%2Fv2%2Fmedia&parent=166"}],"curies":[{"name":"wp","href":"https:\/\/api.w.org\/{rel}","templated":true}]}}